{"id":12780,"date":"2022-10-19T14:34:44","date_gmt":"2022-10-19T19:34:44","guid":{"rendered":"https:\/\/azulnaranja.ucatolicaluisamigo.edu.co\/?page_id=12780"},"modified":"2024-10-21T16:43:06","modified_gmt":"2024-10-21T21:43:06","slug":"narrativas","status":"publish","type":"page","link":"https:\/\/azulnaranja.ucatolicaluisamigo.edu.co\/?page_id=12780","title":{"rendered":"Narrativas"},"content":{"rendered":"\n<div class=\"wp-block-query is-layout-flow wp-block-query-is-layout-flow\">\n<div class=\"wp-block-group\"><div class=\"wp-block-group__inner-container is-layout-constrained wp-block-group-is-layout-constrained\"><ul class=\"wp-block-post-template is-layout-flow wp-block-post-template-is-layout-flow\"><li class=\"wp-block-post post-13828 post type-post status-publish format-standard has-post-thumbnail hentry category-narrativas tag-arte tag-azulnaranja tag-cultura tag-manizales tag-mediouniversitario tag-ucatolicaluisamigo\">\n\n<div class=\"wp-block-group alignwide is-nowrap is-layout-flex wp-container-core-group-is-layout-1 wp-block-group-is-layout-flex\">\n<div class=\"wp-block-columns alignwide are-vertically-aligned-top is-layout-flex wp-container-core-columns-is-layout-1 wp-block-columns-is-layout-flex\">\n<div class=\"wp-block-column is-vertically-aligned-top is-layout-flow wp-block-column-is-layout-flow\" style=\"flex-basis:66.66%\"><figure class=\"wp-block-post-featured-image\"><a href=\"https:\/\/azulnaranja.ucatolicaluisamigo.edu.co\/?p=13828\" target=\"_self\"  ><img loading=\"lazy\" decoding=\"async\" width=\"1066\" height=\"1600\" src=\"https:\/\/azulnaranja.ucatolicaluisamigo.edu.co\/wp-content\/uploads\/2026\/04\/Electro-AzulNaranja1.jpeg\" class=\"attachment-post-thumbnail size-post-thumbnail wp-post-image\" alt=\"El productor invisible: construir m\u00fasica electr\u00f3nica desde la soledad\" style=\"object-fit:cover;\" srcset=\"https:\/\/azulnaranja.ucatolicaluisamigo.edu.co\/wp-content\/uploads\/2026\/04\/Electro-AzulNaranja1.jpeg 1066w, https:\/\/azulnaranja.ucatolicaluisamigo.edu.co\/wp-content\/uploads\/2026\/04\/Electro-AzulNaranja1-200x300.jpeg 200w, https:\/\/azulnaranja.ucatolicaluisamigo.edu.co\/wp-content\/uploads\/2026\/04\/Electro-AzulNaranja1-682x1024.jpeg 682w, https:\/\/azulnaranja.ucatolicaluisamigo.edu.co\/wp-content\/uploads\/2026\/04\/Electro-AzulNaranja1-768x1153.jpeg 768w, https:\/\/azulnaranja.ucatolicaluisamigo.edu.co\/wp-content\/uploads\/2026\/04\/Electro-AzulNaranja1-1023x1536.jpeg 1023w, https:\/\/azulnaranja.ucatolicaluisamigo.edu.co\/wp-content\/uploads\/2026\/04\/Electro-AzulNaranja1-400x600.jpeg 400w\" sizes=\"auto, (max-width: 1066px) 100vw, 1066px\" \/><\/a><\/figure><\/div>\n\n\n\n<div class=\"wp-block-column is-vertically-aligned-top is-layout-flow wp-block-column-is-layout-flow\" style=\"flex-basis:33.33%\"><h3 class=\"has-text-align-center wp-block-post-title\"><a href=\"https:\/\/azulnaranja.ucatolicaluisamigo.edu.co\/?p=13828\" target=\"_self\" >El productor invisible: construir m\u00fasica electr\u00f3nica desde la soledad<\/a><\/h3>\n\n<div class=\"has-text-align-center wp-block-post-excerpt\"><p class=\"wp-block-post-excerpt__excerpt\">Por: Estefan\u00eda G\u00f3mez y Juan Diego Henao Detr\u00e1s de cada beat que mueve a miles hay horas de silencio, pantallas encendidas y una b\u00fasqueda que <\/p><\/div><\/div>\n<\/div>\n<\/div>\n\n<\/li><li class=\"wp-block-post post-13799 post type-post status-publish format-standard has-post-thumbnail hentry category-narrativas tag-arte tag-azulnaranja tag-cultura tag-disenografico tag-manizales tag-mediouniversitario tag-semanadelacomunicacion\">\n\n<div class=\"wp-block-group alignwide is-nowrap is-layout-flex wp-container-core-group-is-layout-2 wp-block-group-is-layout-flex\">\n<div class=\"wp-block-columns alignwide are-vertically-aligned-top is-layout-flex wp-container-core-columns-is-layout-2 wp-block-columns-is-layout-flex\">\n<div class=\"wp-block-column is-vertically-aligned-top is-layout-flow wp-block-column-is-layout-flow\" style=\"flex-basis:66.66%\"><figure class=\"wp-block-post-featured-image\"><a href=\"https:\/\/azulnaranja.ucatolicaluisamigo.edu.co\/?p=13799\" target=\"_self\"  ><img loading=\"lazy\" decoding=\"async\" width=\"1707\" height=\"2560\" src=\"https:\/\/azulnaranja.ucatolicaluisamigo.edu.co\/wp-content\/uploads\/2025\/11\/Semana-AzulNaranja5-scaled.jpg\" class=\"attachment-post-thumbnail size-post-thumbnail wp-post-image\" alt=\"As\u00ed se vivi\u00f3 la semana de creatividad en la Universidad Cat\u00f3lica Luis Amig\u00f3\" style=\"object-fit:cover;\" srcset=\"https:\/\/azulnaranja.ucatolicaluisamigo.edu.co\/wp-content\/uploads\/2025\/11\/Semana-AzulNaranja5-scaled.jpg 1707w, https:\/\/azulnaranja.ucatolicaluisamigo.edu.co\/wp-content\/uploads\/2025\/11\/Semana-AzulNaranja5-200x300.jpg 200w, https:\/\/azulnaranja.ucatolicaluisamigo.edu.co\/wp-content\/uploads\/2025\/11\/Semana-AzulNaranja5-683x1024.jpg 683w, https:\/\/azulnaranja.ucatolicaluisamigo.edu.co\/wp-content\/uploads\/2025\/11\/Semana-AzulNaranja5-768x1152.jpg 768w, https:\/\/azulnaranja.ucatolicaluisamigo.edu.co\/wp-content\/uploads\/2025\/11\/Semana-AzulNaranja5-1024x1536.jpg 1024w, https:\/\/azulnaranja.ucatolicaluisamigo.edu.co\/wp-content\/uploads\/2025\/11\/Semana-AzulNaranja5-1365x2048.jpg 1365w, https:\/\/azulnaranja.ucatolicaluisamigo.edu.co\/wp-content\/uploads\/2025\/11\/Semana-AzulNaranja5-400x600.jpg 400w\" sizes=\"auto, (max-width: 1707px) 100vw, 1707px\" \/><\/a><\/figure><\/div>\n\n\n\n<div class=\"wp-block-column is-vertically-aligned-top is-layout-flow wp-block-column-is-layout-flow\" style=\"flex-basis:33.33%\"><h3 class=\"has-text-align-center wp-block-post-title\"><a href=\"https:\/\/azulnaranja.ucatolicaluisamigo.edu.co\/?p=13799\" target=\"_self\" >As\u00ed se vivi\u00f3 la semana de creatividad en la Universidad Cat\u00f3lica Luis Amig\u00f3<\/a><\/h3>\n\n<div class=\"has-text-align-center wp-block-post-excerpt\"><p class=\"wp-block-post-excerpt__excerpt\">Por: Luis Fernando Montoya * La Semana de la Comunicaci\u00f3n de la Universidad Cat\u00f3lica Luis Amig\u00f3 se consolid\u00f3 como un espacio de encuentro y experimentaci\u00f3n <\/p><\/div><\/div>\n<\/div>\n<\/div>\n\n<\/li><li class=\"wp-block-post post-13764 post type-post status-publish format-standard has-post-thumbnail hentry category-narrativas tag-arte tag-azulnaranja tag-cultura tag-manizales tag-mediouniversitario tag-ucatolicaluisamigo\">\n\n<div class=\"wp-block-group alignwide is-nowrap is-layout-flex wp-container-core-group-is-layout-3 wp-block-group-is-layout-flex\">\n<div class=\"wp-block-columns alignwide are-vertically-aligned-top is-layout-flex wp-container-core-columns-is-layout-3 wp-block-columns-is-layout-flex\">\n<div class=\"wp-block-column is-vertically-aligned-top is-layout-flow wp-block-column-is-layout-flow\" style=\"flex-basis:66.66%\"><figure class=\"wp-block-post-featured-image\"><a href=\"https:\/\/azulnaranja.ucatolicaluisamigo.edu.co\/?p=13764\" target=\"_self\"  ><img loading=\"lazy\" decoding=\"async\" width=\"1706\" height=\"2560\" src=\"https:\/\/azulnaranja.ucatolicaluisamigo.edu.co\/wp-content\/uploads\/2025\/10\/reina-AzulNaranja1-scaled.jpg\" class=\"attachment-post-thumbnail size-post-thumbnail wp-post-image\" alt=\"Manizales tiene nueva reina de la Feria\" style=\"object-fit:cover;\" srcset=\"https:\/\/azulnaranja.ucatolicaluisamigo.edu.co\/wp-content\/uploads\/2025\/10\/reina-AzulNaranja1-scaled.jpg 1706w, https:\/\/azulnaranja.ucatolicaluisamigo.edu.co\/wp-content\/uploads\/2025\/10\/reina-AzulNaranja1-200x300.jpg 200w, https:\/\/azulnaranja.ucatolicaluisamigo.edu.co\/wp-content\/uploads\/2025\/10\/reina-AzulNaranja1-682x1024.jpg 682w, https:\/\/azulnaranja.ucatolicaluisamigo.edu.co\/wp-content\/uploads\/2025\/10\/reina-AzulNaranja1-768x1152.jpg 768w, https:\/\/azulnaranja.ucatolicaluisamigo.edu.co\/wp-content\/uploads\/2025\/10\/reina-AzulNaranja1-1024x1536.jpg 1024w, https:\/\/azulnaranja.ucatolicaluisamigo.edu.co\/wp-content\/uploads\/2025\/10\/reina-AzulNaranja1-1365x2048.jpg 1365w, https:\/\/azulnaranja.ucatolicaluisamigo.edu.co\/wp-content\/uploads\/2025\/10\/reina-AzulNaranja1-400x600.jpg 400w\" sizes=\"auto, (max-width: 1706px) 100vw, 1706px\" \/><\/a><\/figure><\/div>\n\n\n\n<div class=\"wp-block-column is-vertically-aligned-top is-layout-flow wp-block-column-is-layout-flow\" style=\"flex-basis:33.33%\"><h3 class=\"has-text-align-center wp-block-post-title\"><a href=\"https:\/\/azulnaranja.ucatolicaluisamigo.edu.co\/?p=13764\" target=\"_self\" >Manizales tiene nueva reina de la Feria<\/a><\/h3>\n\n<div class=\"has-text-align-center wp-block-post-excerpt\"><p class=\"wp-block-post-excerpt__excerpt\">Por: Daniela Puc Ram\u00edrez El pasado jueves 9 de octubre, el Teatro Fundadores se visti\u00f3 de gala para recibir a las 14 aspirantes al t\u00edtulo <\/p><\/div><\/div>\n<\/div>\n<\/div>\n\n<\/li><\/ul><\/div><\/div>\n<\/div>\n\n\n\n<hr class=\"wp-block-separator has-alpha-channel-opacity\"\/>\n\n\n\n<p><strong>Entradas<\/strong><\/p>\n\n\n<ul class=\"wp-block-latest-posts__list is-grid columns-3 wp-block-latest-posts\"><li><a class=\"wp-block-latest-posts__post-title\" href=\"https:\/\/azulnaranja.ucatolicaluisamigo.edu.co\/?p=13828\">El productor invisible: construir m\u00fasica electr\u00f3nica desde la soledad<\/a><\/li>\n<li><a class=\"wp-block-latest-posts__post-title\" href=\"https:\/\/azulnaranja.ucatolicaluisamigo.edu.co\/?p=13799\">As\u00ed se vivi\u00f3 la semana de creatividad en la Universidad Cat\u00f3lica Luis Amig\u00f3<\/a><\/li>\n<li><a class=\"wp-block-latest-posts__post-title\" href=\"https:\/\/azulnaranja.ucatolicaluisamigo.edu.co\/?p=13764\">Manizales tiene nueva reina de la Feria<\/a><\/li>\n<li><a class=\"wp-block-latest-posts__post-title\" href=\"https:\/\/azulnaranja.ucatolicaluisamigo.edu.co\/?p=13744\">El ruido que nos une: : el eco del punk en Manizales<\/a><\/li>\n<li><a class=\"wp-block-latest-posts__post-title\" href=\"https:\/\/azulnaranja.ucatolicaluisamigo.edu.co\/?p=13714\">Investigar para pensar distinto\u2026 y comunicar mejor<\/a><\/li>\n<li><a class=\"wp-block-latest-posts__post-title\" href=\"https:\/\/azulnaranja.ucatolicaluisamigo.edu.co\/?p=13658\">Sue\u00f1o: Shakespeare a la Criolla<\/a><\/li>\n<li><a class=\"wp-block-latest-posts__post-title\" href=\"https:\/\/azulnaranja.ucatolicaluisamigo.edu.co\/?p=13642\">Err\u00e1tica: La voz del terror<\/a><\/li>\n<li><a class=\"wp-block-latest-posts__post-title\" href=\"https:\/\/azulnaranja.ucatolicaluisamigo.edu.co\/?p=13611\">El FITM levanta el tel\u00f3n: Manizales vibra con el teatro<\/a><\/li>\n<li><a class=\"wp-block-latest-posts__post-title\" href=\"https:\/\/azulnaranja.ucatolicaluisamigo.edu.co\/?p=13602\">Internacionalizaci\u00f3n: un tiquete para el mundo<\/a><\/li>\n<li><a class=\"wp-block-latest-posts__post-title\" href=\"https:\/\/azulnaranja.ucatolicaluisamigo.edu.co\/?p=13590\">Capellan\u00eda, solidaridad y carisma amigoniano<\/a><\/li>\n<li><a class=\"wp-block-latest-posts__post-title\" href=\"https:\/\/azulnaranja.ucatolicaluisamigo.edu.co\/?p=13580\">El arte en lo cotidiano: Arte terapia<\/a><\/li>\n<li><a class=\"wp-block-latest-posts__post-title\" href=\"https:\/\/azulnaranja.ucatolicaluisamigo.edu.co\/?p=13561\">Explorando los l\u00edmites: La libertad de expresi\u00f3n en la red social X<\/a><\/li>\n<\/ul>\n\n\n<p><\/p>\n","protected":false},"excerpt":{"rendered":"<p>Entradas<\/p>\n","protected":false},"author":2,"featured_media":0,"parent":0,"menu_order":0,"comment_status":"closed","ping_status":"closed","template":"","meta":{"footnotes":""},"class_list":["post-12780","page","type-page","status-publish","hentry"],"_links":{"self":[{"href":"https:\/\/azulnaranja.ucatolicaluisamigo.edu.co\/index.php?rest_route=\/wp\/v2\/pages\/12780","targetHints":{"allow":["GET"]}}],"collection":[{"href":"https:\/\/azulnaranja.ucatolicaluisamigo.edu.co\/index.php?rest_route=\/wp\/v2\/pages"}],"about":[{"href":"https:\/\/azulnaranja.ucatolicaluisamigo.edu.co\/index.php?rest_route=\/wp\/v2\/types\/page"}],"author":[{"embeddable":true,"href":"https:\/\/azulnaranja.ucatolicaluisamigo.edu.co\/index.php?rest_route=\/wp\/v2\/users\/2"}],"replies":[{"embeddable":true,"href":"https:\/\/azulnaranja.ucatolicaluisamigo.edu.co\/index.php?rest_route=%2Fwp%2Fv2%2Fcomments&post=12780"}],"version-history":[{"count":23,"href":"https:\/\/azulnaranja.ucatolicaluisamigo.edu.co\/index.php?rest_route=\/wp\/v2\/pages\/12780\/revisions"}],"predecessor-version":[{"id":13463,"href":"https:\/\/azulnaranja.ucatolicaluisamigo.edu.co\/index.php?rest_route=\/wp\/v2\/pages\/12780\/revisions\/13463"}],"wp:attachment":[{"href":"https:\/\/azulnaranja.ucatolicaluisamigo.edu.co\/index.php?rest_route=%2Fwp%2Fv2%2Fmedia&parent=12780"}],"curies":[{"name":"wp","href":"https:\/\/api.w.org\/{rel}","templated":true}]}}