{"id":12800,"date":"2022-10-19T17:34:33","date_gmt":"2022-10-19T22:34:33","guid":{"rendered":"https:\/\/azulnaranja.ucatolicaluisamigo.edu.co\/?page_id=12800"},"modified":"2024-10-21T16:52:14","modified_gmt":"2024-10-21T21:52:14","slug":"voces","status":"publish","type":"page","link":"https:\/\/azulnaranja.ucatolicaluisamigo.edu.co\/?page_id=12800","title":{"rendered":"Voces"},"content":{"rendered":"\n<div class=\"wp-block-query is-layout-flow wp-block-query-is-layout-flow\"><ul class=\"wp-block-post-template is-layout-flow wp-block-post-template-is-layout-flow\"><li class=\"wp-block-post post-13208 post type-post status-publish format-standard has-post-thumbnail hentry category-voces tag-azulnaranja tag-deporte-2 tag-mediouniversitario tag-multimedia tag-patinaje tag-perfil tag-periodismouniversitario tag-ucatolicaluisamigo\">\n\n<div class=\"wp-block-columns alignwide is-layout-flex wp-container-core-columns-is-layout-1 wp-block-columns-is-layout-flex\">\n<div class=\"wp-block-column is-layout-flow wp-block-column-is-layout-flow\" style=\"flex-basis:66.66%\"><figure class=\"wp-block-post-featured-image\"><a href=\"https:\/\/azulnaranja.ucatolicaluisamigo.edu.co\/?p=13208\" target=\"_self\"  ><img loading=\"lazy\" decoding=\"async\" width=\"800\" height=\"666\" src=\"https:\/\/azulnaranja.ucatolicaluisamigo.edu.co\/wp-content\/uploads\/2024\/05\/patinador_AzulNaranja2.jpeg\" class=\"attachment-post-thumbnail size-post-thumbnail wp-post-image\" alt=\"La convicci\u00f3n de ser patinador\" style=\"object-fit:cover;\" srcset=\"https:\/\/azulnaranja.ucatolicaluisamigo.edu.co\/wp-content\/uploads\/2024\/05\/patinador_AzulNaranja2.jpeg 800w, https:\/\/azulnaranja.ucatolicaluisamigo.edu.co\/wp-content\/uploads\/2024\/05\/patinador_AzulNaranja2-300x250.jpeg 300w, https:\/\/azulnaranja.ucatolicaluisamigo.edu.co\/wp-content\/uploads\/2024\/05\/patinador_AzulNaranja2-768x639.jpeg 768w\" sizes=\"auto, (max-width: 800px) 100vw, 800px\" \/><\/a><\/figure><\/div>\n\n\n\n<div class=\"wp-block-column is-layout-flow wp-block-column-is-layout-flow\" style=\"flex-basis:33.33%\"><h2 class=\"wp-block-post-title\"><a href=\"https:\/\/azulnaranja.ucatolicaluisamigo.edu.co\/?p=13208\" target=\"_self\" >La convicci\u00f3n de ser patinador<\/a><\/h2>\n\n<div class=\"wp-block-post-excerpt\"><p class=\"wp-block-post-excerpt__excerpt\">Por: Nicole Arcila (Transmisi\u00f3n en vivo de los World Games \u2013 Argentina 2022) El periodista deportivo y director comunicativo de la Federaci\u00f3n Colombiana de Patinaje <\/p><\/div><\/div>\n<\/div>\n\n<\/li><li class=\"wp-block-post post-12886 post type-post status-publish format-standard has-post-thumbnail hentry category-voces tag-azulnaranja tag-compromisosocial tag-dedicacion tag-impactosocial tag-laborsocial tag-saludpublica tag-servicio tag-trabajocomunitario\">\n\n<div class=\"wp-block-columns alignwide is-layout-flex wp-container-core-columns-is-layout-2 wp-block-columns-is-layout-flex\">\n<div class=\"wp-block-column is-layout-flow wp-block-column-is-layout-flow\" style=\"flex-basis:66.66%\"><figure class=\"wp-block-post-featured-image\"><a href=\"https:\/\/azulnaranja.ucatolicaluisamigo.edu.co\/?p=12886\" target=\"_self\"  ><img loading=\"lazy\" decoding=\"async\" width=\"768\" height=\"512\" src=\"https:\/\/azulnaranja.ucatolicaluisamigo.edu.co\/wp-content\/uploads\/2024\/02\/Servir_AzulNaranja.jpeg\" class=\"attachment-post-thumbnail size-post-thumbnail wp-post-image\" alt=\"Una vida para servir\" style=\"object-fit:cover;\" srcset=\"https:\/\/azulnaranja.ucatolicaluisamigo.edu.co\/wp-content\/uploads\/2024\/02\/Servir_AzulNaranja.jpeg 768w, https:\/\/azulnaranja.ucatolicaluisamigo.edu.co\/wp-content\/uploads\/2024\/02\/Servir_AzulNaranja-300x200.jpeg 300w, https:\/\/azulnaranja.ucatolicaluisamigo.edu.co\/wp-content\/uploads\/2024\/02\/Servir_AzulNaranja-177x118.jpeg 177w\" sizes=\"auto, (max-width: 768px) 100vw, 768px\" \/><\/a><\/figure><\/div>\n\n\n\n<div class=\"wp-block-column is-layout-flow wp-block-column-is-layout-flow\" style=\"flex-basis:33.33%\"><h2 class=\"wp-block-post-title\"><a href=\"https:\/\/azulnaranja.ucatolicaluisamigo.edu.co\/?p=12886\" target=\"_self\" >Una vida para servir<\/a><\/h2>\n\n<div class=\"wp-block-post-excerpt\"><p class=\"wp-block-post-excerpt__excerpt\">Por: Karen Sof\u00eda Rojas Al llegar al hogar de Ana Luc\u00eda se puede sentir un ambiente acogedor. Una vez en su casa nos invita a <\/p><\/div><\/div>\n<\/div>\n\n<\/li><li class=\"wp-block-post post-12879 post type-post status-publish format-standard has-post-thumbnail hentry category-voces tag-azulnaranja tag-conflictoarmado tag-gruposarmados tag-hostigamientos tag-mediouniversitario tag-resiliencia-2 tag-seguridad-2 tag-violencia\">\n\n<div class=\"wp-block-columns alignwide is-layout-flex wp-container-core-columns-is-layout-3 wp-block-columns-is-layout-flex\">\n<div class=\"wp-block-column is-layout-flow wp-block-column-is-layout-flow\" style=\"flex-basis:66.66%\"><figure class=\"wp-block-post-featured-image\"><a href=\"https:\/\/azulnaranja.ucatolicaluisamigo.edu.co\/?p=12879\" target=\"_self\"  ><img loading=\"lazy\" decoding=\"async\" width=\"1080\" height=\"1080\" src=\"https:\/\/azulnaranja.ucatolicaluisamigo.edu.co\/wp-content\/uploads\/2022\/10\/Guerrillero_ilustracion_AzulNaranja.jpg\" class=\"attachment-post-thumbnail size-post-thumbnail wp-post-image\" alt=\"\u00abPara lograr un mejor futuro me toc\u00f3 vivir la guerra\u00bb\" style=\"object-fit:cover;\" srcset=\"https:\/\/azulnaranja.ucatolicaluisamigo.edu.co\/wp-content\/uploads\/2022\/10\/Guerrillero_ilustracion_AzulNaranja.jpg 1080w, https:\/\/azulnaranja.ucatolicaluisamigo.edu.co\/wp-content\/uploads\/2022\/10\/Guerrillero_ilustracion_AzulNaranja-300x300.jpg 300w, https:\/\/azulnaranja.ucatolicaluisamigo.edu.co\/wp-content\/uploads\/2022\/10\/Guerrillero_ilustracion_AzulNaranja-1024x1024.jpg 1024w, https:\/\/azulnaranja.ucatolicaluisamigo.edu.co\/wp-content\/uploads\/2022\/10\/Guerrillero_ilustracion_AzulNaranja-150x150.jpg 150w, https:\/\/azulnaranja.ucatolicaluisamigo.edu.co\/wp-content\/uploads\/2022\/10\/Guerrillero_ilustracion_AzulNaranja-768x768.jpg 768w\" sizes=\"auto, (max-width: 1080px) 100vw, 1080px\" \/><\/a><\/figure><\/div>\n\n\n\n<div class=\"wp-block-column is-layout-flow wp-block-column-is-layout-flow\" style=\"flex-basis:33.33%\"><h2 class=\"wp-block-post-title\"><a href=\"https:\/\/azulnaranja.ucatolicaluisamigo.edu.co\/?p=12879\" target=\"_self\" >\u00abPara lograr un mejor futuro me toc\u00f3 vivir la guerra\u00bb<\/a><\/h2>\n\n<div class=\"wp-block-post-excerpt\"><p class=\"wp-block-post-excerpt__excerpt\">Por Alisson Hincapi\u00e9 Ram\u00edrez \u201cEstaba en el taller a 5 minutos de G\u00f3mez Plata, sentimos las primeras r\u00e1fagas, me asom\u00e9 por el techo y vi <\/p><\/div><\/div>\n<\/div>\n\n<\/li><\/ul><\/div>\n\n\n\n<hr class=\"wp-block-separator has-alpha-channel-opacity\"\/>\n\n\n\n<p><strong>Entradas:<\/strong><\/p>\n\n\n<ul class=\"wp-block-latest-posts__list wp-block-latest-posts\"><li><a class=\"wp-block-latest-posts__post-title\" href=\"https:\/\/azulnaranja.ucatolicaluisamigo.edu.co\/?p=13208\">La convicci\u00f3n de ser patinador<\/a><\/li>\n<li><a class=\"wp-block-latest-posts__post-title\" href=\"https:\/\/azulnaranja.ucatolicaluisamigo.edu.co\/?p=12886\">Una vida para servir<\/a><\/li>\n<li><a class=\"wp-block-latest-posts__post-title\" href=\"https:\/\/azulnaranja.ucatolicaluisamigo.edu.co\/?p=12879\">\u00abPara lograr un mejor futuro me toc\u00f3 vivir la guerra\u00bb<\/a><\/li>\n<\/ul>","protected":false},"excerpt":{"rendered":"<p>Entradas:<\/p>\n","protected":false},"author":2,"featured_media":0,"parent":0,"menu_order":0,"comment_status":"closed","ping_status":"closed","template":"","meta":{"footnotes":""},"class_list":["post-12800","page","type-page","status-publish","hentry"],"_links":{"self":[{"href":"https:\/\/azulnaranja.ucatolicaluisamigo.edu.co\/index.php?rest_route=\/wp\/v2\/pages\/12800","targetHints":{"allow":["GET"]}}],"collection":[{"href":"https:\/\/azulnaranja.ucatolicaluisamigo.edu.co\/index.php?rest_route=\/wp\/v2\/pages"}],"about":[{"href":"https:\/\/azulnaranja.ucatolicaluisamigo.edu.co\/index.php?rest_route=\/wp\/v2\/types\/page"}],"author":[{"embeddable":true,"href":"https:\/\/azulnaranja.ucatolicaluisamigo.edu.co\/index.php?rest_route=\/wp\/v2\/users\/2"}],"replies":[{"embeddable":true,"href":"https:\/\/azulnaranja.ucatolicaluisamigo.edu.co\/index.php?rest_route=%2Fwp%2Fv2%2Fcomments&post=12800"}],"version-history":[{"count":8,"href":"https:\/\/azulnaranja.ucatolicaluisamigo.edu.co\/index.php?rest_route=\/wp\/v2\/pages\/12800\/revisions"}],"predecessor-version":[{"id":13468,"href":"https:\/\/azulnaranja.ucatolicaluisamigo.edu.co\/index.php?rest_route=\/wp\/v2\/pages\/12800\/revisions\/13468"}],"wp:attachment":[{"href":"https:\/\/azulnaranja.ucatolicaluisamigo.edu.co\/index.php?rest_route=%2Fwp%2Fv2%2Fmedia&parent=12800"}],"curies":[{"name":"wp","href":"https:\/\/api.w.org\/{rel}","templated":true}]}}