{"id":12805,"date":"2022-10-19T17:36:12","date_gmt":"2022-10-19T22:36:12","guid":{"rendered":"https:\/\/azulnaranja.ucatolicaluisamigo.edu.co\/?page_id=12805"},"modified":"2024-10-21T16:47:58","modified_gmt":"2024-10-21T21:47:58","slug":"perspectivas","status":"publish","type":"page","link":"https:\/\/azulnaranja.ucatolicaluisamigo.edu.co\/?page_id=12805","title":{"rendered":"Perspectivas"},"content":{"rendered":"\n<div class=\"wp-block-query is-layout-flow wp-block-query-is-layout-flow\"><ul class=\"wp-block-post-template is-layout-flow wp-block-post-template-is-layout-flow\"><li class=\"wp-block-post post-13840 post type-post status-publish format-standard has-post-thumbnail hentry category-perspectivas tag-arte tag-azulnaranja tag-cultura tag-manizales tag-mediouniversitario tag-ucatolicaluisamigo\">\n\n<div class=\"wp-block-columns alignwide is-layout-flex wp-container-core-columns-is-layout-1 wp-block-columns-is-layout-flex\">\n<div class=\"wp-block-column is-layout-flow wp-block-column-is-layout-flow\" style=\"flex-basis:66.66%\"><figure class=\"wp-block-post-featured-image\"><a href=\"https:\/\/azulnaranja.ucatolicaluisamigo.edu.co\/?p=13840\" target=\"_self\"  ><img loading=\"lazy\" decoding=\"async\" width=\"690\" height=\"1265\" src=\"https:\/\/azulnaranja.ucatolicaluisamigo.edu.co\/wp-content\/uploads\/2026\/04\/Thewall-AzulNaranja1.png\" class=\"attachment-post-thumbnail size-post-thumbnail wp-post-image\" alt=\"The Wall: simbolismo de guerra interna\" style=\"object-fit:cover;\" srcset=\"https:\/\/azulnaranja.ucatolicaluisamigo.edu.co\/wp-content\/uploads\/2026\/04\/Thewall-AzulNaranja1.png 690w, https:\/\/azulnaranja.ucatolicaluisamigo.edu.co\/wp-content\/uploads\/2026\/04\/Thewall-AzulNaranja1-164x300.png 164w, https:\/\/azulnaranja.ucatolicaluisamigo.edu.co\/wp-content\/uploads\/2026\/04\/Thewall-AzulNaranja1-559x1024.png 559w\" sizes=\"auto, (max-width: 690px) 100vw, 690px\" \/><\/a><\/figure><\/div>\n\n\n\n<div class=\"wp-block-column is-layout-flow wp-block-column-is-layout-flow\" style=\"flex-basis:33.33%\"><h4 class=\"has-text-align-center wp-block-post-title\"><a href=\"https:\/\/azulnaranja.ucatolicaluisamigo.edu.co\/?p=13840\" target=\"_self\" >The Wall: simbolismo de guerra interna<\/a><\/h4>\n\n<div class=\"has-text-align-center wp-block-post-excerpt\"><p class=\"wp-block-post-excerpt__excerpt\">Por: Karen Sof\u00eda Rojas Hay personas que, en alg\u00fan momento de la vida, deciden construir un muro invisible: un espacio propio, lejos del ruido, lejos <\/p><\/div><\/div>\n<\/div>\n\n<\/li><li class=\"wp-block-post post-13835 post type-post status-publish format-standard has-post-thumbnail hentry category-perspectivas tag-arte tag-azulnaranja tag-cultura tag-manizales tag-mediouniversitario tag-ucatolicaluisamigo\">\n\n<div class=\"wp-block-columns alignwide is-layout-flex wp-container-core-columns-is-layout-2 wp-block-columns-is-layout-flex\">\n<div class=\"wp-block-column is-layout-flow wp-block-column-is-layout-flow\" style=\"flex-basis:66.66%\"><figure class=\"wp-block-post-featured-image\"><a href=\"https:\/\/azulnaranja.ucatolicaluisamigo.edu.co\/?p=13835\" target=\"_self\"  ><img loading=\"lazy\" decoding=\"async\" width=\"1024\" height=\"1536\" src=\"https:\/\/azulnaranja.ucatolicaluisamigo.edu.co\/wp-content\/uploads\/2026\/04\/Baraka-AzulNaranja1.png\" class=\"attachment-post-thumbnail size-post-thumbnail wp-post-image\" alt=\"El ritmo del mundo y la gracia de lo invisible\" style=\"object-fit:cover;\" srcset=\"https:\/\/azulnaranja.ucatolicaluisamigo.edu.co\/wp-content\/uploads\/2026\/04\/Baraka-AzulNaranja1.png 1024w, https:\/\/azulnaranja.ucatolicaluisamigo.edu.co\/wp-content\/uploads\/2026\/04\/Baraka-AzulNaranja1-200x300.png 200w, https:\/\/azulnaranja.ucatolicaluisamigo.edu.co\/wp-content\/uploads\/2026\/04\/Baraka-AzulNaranja1-683x1024.png 683w, https:\/\/azulnaranja.ucatolicaluisamigo.edu.co\/wp-content\/uploads\/2026\/04\/Baraka-AzulNaranja1-768x1152.png 768w, https:\/\/azulnaranja.ucatolicaluisamigo.edu.co\/wp-content\/uploads\/2026\/04\/Baraka-AzulNaranja1-400x600.png 400w\" sizes=\"auto, (max-width: 1024px) 100vw, 1024px\" \/><\/a><\/figure><\/div>\n\n\n\n<div class=\"wp-block-column is-layout-flow wp-block-column-is-layout-flow\" style=\"flex-basis:33.33%\"><h4 class=\"has-text-align-center wp-block-post-title\"><a href=\"https:\/\/azulnaranja.ucatolicaluisamigo.edu.co\/?p=13835\" target=\"_self\" >El ritmo del mundo y la gracia de lo invisible<\/a><\/h4>\n\n<div class=\"has-text-align-center wp-block-post-excerpt\"><p class=\"wp-block-post-excerpt__excerpt\">Por: Daniel Gonz\u00e1lez La palabra Baraka proviene del \u00e1rabe isl\u00e1mico, esta nos remite a algo mas que una simple traducci\u00f3n. Puede entenderse como una bendici\u00f3n, <\/p><\/div><\/div>\n<\/div>\n\n<\/li><li class=\"wp-block-post post-13785 post type-post status-publish format-standard has-post-thumbnail hentry category-perspectivas tag-arte tag-azulnaranja tag-cultura tag-manizales tag-mediouniversitario tag-ucatolicaluisamigo\">\n\n<div class=\"wp-block-columns alignwide is-layout-flex wp-container-core-columns-is-layout-3 wp-block-columns-is-layout-flex\">\n<div class=\"wp-block-column is-layout-flow wp-block-column-is-layout-flow\" style=\"flex-basis:66.66%\"><figure class=\"wp-block-post-featured-image\"><a href=\"https:\/\/azulnaranja.ucatolicaluisamigo.edu.co\/?p=13785\" target=\"_self\"  ><img loading=\"lazy\" decoding=\"async\" width=\"1601\" height=\"2000\" src=\"https:\/\/azulnaranja.ucatolicaluisamigo.edu.co\/wp-content\/uploads\/2025\/10\/Carbon-AzulNaranja1.jpg\" class=\"attachment-post-thumbnail size-post-thumbnail wp-post-image\" alt=\"Tres edades, una llama\" style=\"object-fit:cover;\" srcset=\"https:\/\/azulnaranja.ucatolicaluisamigo.edu.co\/wp-content\/uploads\/2025\/10\/Carbon-AzulNaranja1.jpg 1601w, https:\/\/azulnaranja.ucatolicaluisamigo.edu.co\/wp-content\/uploads\/2025\/10\/Carbon-AzulNaranja1-240x300.jpg 240w, https:\/\/azulnaranja.ucatolicaluisamigo.edu.co\/wp-content\/uploads\/2025\/10\/Carbon-AzulNaranja1-820x1024.jpg 820w, https:\/\/azulnaranja.ucatolicaluisamigo.edu.co\/wp-content\/uploads\/2025\/10\/Carbon-AzulNaranja1-768x959.jpg 768w, https:\/\/azulnaranja.ucatolicaluisamigo.edu.co\/wp-content\/uploads\/2025\/10\/Carbon-AzulNaranja1-1230x1536.jpg 1230w\" sizes=\"auto, (max-width: 1601px) 100vw, 1601px\" \/><\/a><\/figure><\/div>\n\n\n\n<div class=\"wp-block-column is-layout-flow wp-block-column-is-layout-flow\" style=\"flex-basis:33.33%\"><h4 class=\"has-text-align-center wp-block-post-title\"><a href=\"https:\/\/azulnaranja.ucatolicaluisamigo.edu.co\/?p=13785\" target=\"_self\" >Tres edades, una llama<\/a><\/h4>\n\n<div class=\"has-text-align-center wp-block-post-excerpt\"><p class=\"wp-block-post-excerpt__excerpt\">Por: Laura Daniela Valencia Lo primero que llama la atenci\u00f3n al ver la pintura \u00abLa vieja con cesta de carb\u00f3n\u00bb es la luz que surge <\/p><\/div><\/div>\n<\/div>\n\n<\/li><\/ul><\/div>\n\n\n\n<hr class=\"wp-block-separator has-alpha-channel-opacity\"\/>\n\n\n\n<p><strong>Entradas<\/strong><\/p>\n\n\n<ul class=\"wp-block-latest-posts__list is-grid columns-3 wp-block-latest-posts\"><li><a class=\"wp-block-latest-posts__post-title\" href=\"https:\/\/azulnaranja.ucatolicaluisamigo.edu.co\/?p=13840\">The Wall: simbolismo de guerra interna<\/a><\/li>\n<li><a class=\"wp-block-latest-posts__post-title\" href=\"https:\/\/azulnaranja.ucatolicaluisamigo.edu.co\/?p=13835\">El ritmo del mundo y la gracia de lo invisible<\/a><\/li>\n<li><a class=\"wp-block-latest-posts__post-title\" href=\"https:\/\/azulnaranja.ucatolicaluisamigo.edu.co\/?p=13785\">Tres edades, una llama<\/a><\/li>\n<li><a class=\"wp-block-latest-posts__post-title\" href=\"https:\/\/azulnaranja.ucatolicaluisamigo.edu.co\/?p=13776\">P\u00f3cimas y enigmas: la receta del \u00e9xito de Los diarios de la boticaria<\/a><\/li>\n<li><a class=\"wp-block-latest-posts__post-title\" href=\"https:\/\/azulnaranja.ucatolicaluisamigo.edu.co\/?p=13769\">Entre la carne y el poder: an\u00e1lisis de Study after Vel\u00e1zquez\u2019s Portrait of Pope Innocent X<\/a><\/li>\n<li><a class=\"wp-block-latest-posts__post-title\" href=\"https:\/\/azulnaranja.ucatolicaluisamigo.edu.co\/?p=13723\">Botero: del lienzo al escenario<\/a><\/li>\n<li><a class=\"wp-block-latest-posts__post-title\" href=\"https:\/\/azulnaranja.ucatolicaluisamigo.edu.co\/?p=13678\">Ricardo III: el poder y sus sombras<\/a><\/li>\n<li><a class=\"wp-block-latest-posts__post-title\" href=\"https:\/\/azulnaranja.ucatolicaluisamigo.edu.co\/?p=13669\">Gaspar y Violeta: memoria que canta y resiste<\/a><\/li>\n<li><a class=\"wp-block-latest-posts__post-title\" href=\"https:\/\/azulnaranja.ucatolicaluisamigo.edu.co\/?p=13664\">Bajo el az\u00facar, el horror<\/a><\/li>\n<li><a class=\"wp-block-latest-posts__post-title\" href=\"https:\/\/azulnaranja.ucatolicaluisamigo.edu.co\/?p=13645\">Del Quijote a Strauss: una fantas\u00eda circense en el FITM<\/a><\/li>\n<\/ul>","protected":false},"excerpt":{"rendered":"<p>Entradas<\/p>\n","protected":false},"author":2,"featured_media":0,"parent":0,"menu_order":0,"comment_status":"closed","ping_status":"closed","template":"","meta":{"footnotes":""},"class_list":["post-12805","page","type-page","status-publish","hentry"],"_links":{"self":[{"href":"https:\/\/azulnaranja.ucatolicaluisamigo.edu.co\/index.php?rest_route=\/wp\/v2\/pages\/12805","targetHints":{"allow":["GET"]}}],"collection":[{"href":"https:\/\/azulnaranja.ucatolicaluisamigo.edu.co\/index.php?rest_route=\/wp\/v2\/pages"}],"about":[{"href":"https:\/\/azulnaranja.ucatolicaluisamigo.edu.co\/index.php?rest_route=\/wp\/v2\/types\/page"}],"author":[{"embeddable":true,"href":"https:\/\/azulnaranja.ucatolicaluisamigo.edu.co\/index.php?rest_route=\/wp\/v2\/users\/2"}],"replies":[{"embeddable":true,"href":"https:\/\/azulnaranja.ucatolicaluisamigo.edu.co\/index.php?rest_route=%2Fwp%2Fv2%2Fcomments&post=12805"}],"version-history":[{"count":8,"href":"https:\/\/azulnaranja.ucatolicaluisamigo.edu.co\/index.php?rest_route=\/wp\/v2\/pages\/12805\/revisions"}],"predecessor-version":[{"id":13466,"href":"https:\/\/azulnaranja.ucatolicaluisamigo.edu.co\/index.php?rest_route=\/wp\/v2\/pages\/12805\/revisions\/13466"}],"wp:attachment":[{"href":"https:\/\/azulnaranja.ucatolicaluisamigo.edu.co\/index.php?rest_route=%2Fwp%2Fv2%2Fmedia&parent=12805"}],"curies":[{"name":"wp","href":"https:\/\/api.w.org\/{rel}","templated":true}]}}