{"id":12807,"date":"2022-10-19T17:36:56","date_gmt":"2022-10-19T22:36:56","guid":{"rendered":"https:\/\/azulnaranja.ucatolicaluisamigo.edu.co\/?page_id=12807"},"modified":"2024-10-21T16:45:11","modified_gmt":"2024-10-21T21:45:11","slug":"enfoques","status":"publish","type":"page","link":"https:\/\/azulnaranja.ucatolicaluisamigo.edu.co\/?page_id=12807","title":{"rendered":"Enfoques"},"content":{"rendered":"\n<div class=\"wp-block-query is-layout-flow wp-block-query-is-layout-flow\"><ul class=\"wp-block-post-template is-layout-flow wp-block-post-template-is-layout-flow\"><li class=\"wp-block-post post-13754 post type-post status-publish format-standard has-post-thumbnail hentry category-enfoques tag-arte tag-azulnaranja tag-cultura tag-grita2025 tag-manizales tag-mediouniversitario tag-punk tag-ucatolicaluisamigo\">\n\n<div class=\"wp-block-columns alignwide is-layout-flex wp-container-core-columns-is-layout-1 wp-block-columns-is-layout-flex\">\n<div class=\"wp-block-column is-layout-flow wp-block-column-is-layout-flow\" style=\"flex-basis:66.66%\"><figure class=\"wp-block-post-featured-image\"><a href=\"https:\/\/azulnaranja.ucatolicaluisamigo.edu.co\/?p=13754\" target=\"_self\"  ><img loading=\"lazy\" decoding=\"async\" width=\"720\" height=\"1080\" src=\"https:\/\/azulnaranja.ucatolicaluisamigo.edu.co\/wp-content\/uploads\/2025\/10\/punk-AzulNaranja6.jpg\" class=\"attachment-post-thumbnail size-post-thumbnail wp-post-image\" alt=\"Punk, libertad y hermandad en el Grita Fest 2025\" style=\"object-fit:cover;\" srcset=\"https:\/\/azulnaranja.ucatolicaluisamigo.edu.co\/wp-content\/uploads\/2025\/10\/punk-AzulNaranja6.jpg 720w, https:\/\/azulnaranja.ucatolicaluisamigo.edu.co\/wp-content\/uploads\/2025\/10\/punk-AzulNaranja6-200x300.jpg 200w, https:\/\/azulnaranja.ucatolicaluisamigo.edu.co\/wp-content\/uploads\/2025\/10\/punk-AzulNaranja6-683x1024.jpg 683w, https:\/\/azulnaranja.ucatolicaluisamigo.edu.co\/wp-content\/uploads\/2025\/10\/punk-AzulNaranja6-400x600.jpg 400w\" sizes=\"auto, (max-width: 720px) 100vw, 720px\" \/><\/a><\/figure><\/div>\n\n\n\n<div class=\"wp-block-column is-layout-flow wp-block-column-is-layout-flow\" style=\"flex-basis:33.33%\"><h3 class=\"has-text-align-center wp-block-post-title\"><a href=\"https:\/\/azulnaranja.ucatolicaluisamigo.edu.co\/?p=13754\" target=\"_self\" >Punk, libertad y hermandad en el Grita Fest 2025<\/a><\/h3>\n\n<div class=\"has-text-align-center wp-block-post-excerpt\"><p class=\"wp-block-post-excerpt__excerpt\">Por: Daniel Gonz\u00e1lez El segundo d\u00eda del Grita Fest 2025 fue un estallido de energ\u00eda y resistencia. Desde las primeras horas de la tarde, el <\/p><\/div><\/div>\n<\/div>\n\n\n\n<hr class=\"wp-block-separator has-alpha-channel-opacity\"\/>\n\n<\/li><li class=\"wp-block-post post-13729 post type-post status-publish format-standard has-post-thumbnail hentry category-enfoques tag-1426 tag-azulnaranja tag-cultura tag-grita2025 tag-manizalesgrita tag-mediouniversitario\">\n\n<div class=\"wp-block-columns alignwide is-layout-flex wp-container-core-columns-is-layout-2 wp-block-columns-is-layout-flex\">\n<div class=\"wp-block-column is-layout-flow wp-block-column-is-layout-flow\" style=\"flex-basis:66.66%\"><figure class=\"wp-block-post-featured-image\"><a href=\"https:\/\/azulnaranja.ucatolicaluisamigo.edu.co\/?p=13729\" target=\"_self\"  ><img loading=\"lazy\" decoding=\"async\" width=\"720\" height=\"1080\" src=\"https:\/\/azulnaranja.ucatolicaluisamigo.edu.co\/wp-content\/uploads\/2025\/10\/Grita2025-AzulNaranja14.jpg\" class=\"attachment-post-thumbnail size-post-thumbnail wp-post-image\" alt=\"As\u00ed arranc\u00f3 el rugido del Grita 2025\" style=\"object-fit:cover;\" srcset=\"https:\/\/azulnaranja.ucatolicaluisamigo.edu.co\/wp-content\/uploads\/2025\/10\/Grita2025-AzulNaranja14.jpg 720w, https:\/\/azulnaranja.ucatolicaluisamigo.edu.co\/wp-content\/uploads\/2025\/10\/Grita2025-AzulNaranja14-200x300.jpg 200w, https:\/\/azulnaranja.ucatolicaluisamigo.edu.co\/wp-content\/uploads\/2025\/10\/Grita2025-AzulNaranja14-683x1024.jpg 683w, https:\/\/azulnaranja.ucatolicaluisamigo.edu.co\/wp-content\/uploads\/2025\/10\/Grita2025-AzulNaranja14-400x600.jpg 400w\" sizes=\"auto, (max-width: 720px) 100vw, 720px\" \/><\/a><\/figure><\/div>\n\n\n\n<div class=\"wp-block-column is-layout-flow wp-block-column-is-layout-flow\" style=\"flex-basis:33.33%\"><h3 class=\"has-text-align-center wp-block-post-title\"><a href=\"https:\/\/azulnaranja.ucatolicaluisamigo.edu.co\/?p=13729\" target=\"_self\" >As\u00ed arranc\u00f3 el rugido del Grita 2025<\/a><\/h3>\n\n<div class=\"has-text-align-center wp-block-post-excerpt\"><p class=\"wp-block-post-excerpt__excerpt\">Por: Daniel Gonz\u00e1lez Ayer comenz\u00f3 una nueva p\u00e1gina en la historia de uno de los escenarios m\u00e1s potentes de la m\u00fasica independiente en Colombia. El <\/p><\/div><\/div>\n<\/div>\n\n\n\n<hr class=\"wp-block-separator has-alpha-channel-opacity\"\/>\n\n<\/li><li class=\"wp-block-post post-13698 post type-post status-publish format-standard has-post-thumbnail hentry category-enfoques tag-arte tag-azulnaranja tag-cultura tag-fitm2025 tag-manizales tag-mediouniversitario tag-ucatolicaluisamigo\">\n\n<div class=\"wp-block-columns alignwide is-layout-flex wp-container-core-columns-is-layout-3 wp-block-columns-is-layout-flex\">\n<div class=\"wp-block-column is-layout-flow wp-block-column-is-layout-flow\" style=\"flex-basis:66.66%\"><figure class=\"wp-block-post-featured-image\"><a href=\"https:\/\/azulnaranja.ucatolicaluisamigo.edu.co\/?p=13698\" target=\"_self\"  ><img loading=\"lazy\" decoding=\"async\" width=\"1437\" height=\"2560\" src=\"https:\/\/azulnaranja.ucatolicaluisamigo.edu.co\/wp-content\/uploads\/2025\/10\/Duplicado-AzulNaranja4-scaled.jpg\" class=\"attachment-post-thumbnail size-post-thumbnail wp-post-image\" alt=\"Duplicado: la confusi\u00f3n como destino\" style=\"object-fit:cover;\" srcset=\"https:\/\/azulnaranja.ucatolicaluisamigo.edu.co\/wp-content\/uploads\/2025\/10\/Duplicado-AzulNaranja4-scaled.jpg 1437w, https:\/\/azulnaranja.ucatolicaluisamigo.edu.co\/wp-content\/uploads\/2025\/10\/Duplicado-AzulNaranja4-168x300.jpg 168w, https:\/\/azulnaranja.ucatolicaluisamigo.edu.co\/wp-content\/uploads\/2025\/10\/Duplicado-AzulNaranja4-575x1024.jpg 575w, https:\/\/azulnaranja.ucatolicaluisamigo.edu.co\/wp-content\/uploads\/2025\/10\/Duplicado-AzulNaranja4-768x1368.jpg 768w, https:\/\/azulnaranja.ucatolicaluisamigo.edu.co\/wp-content\/uploads\/2025\/10\/Duplicado-AzulNaranja4-862x1536.jpg 862w, https:\/\/azulnaranja.ucatolicaluisamigo.edu.co\/wp-content\/uploads\/2025\/10\/Duplicado-AzulNaranja4-1150x2048.jpg 1150w\" sizes=\"auto, (max-width: 1437px) 100vw, 1437px\" \/><\/a><\/figure><\/div>\n\n\n\n<div class=\"wp-block-column is-layout-flow wp-block-column-is-layout-flow\" style=\"flex-basis:33.33%\"><h3 class=\"has-text-align-center wp-block-post-title\"><a href=\"https:\/\/azulnaranja.ucatolicaluisamigo.edu.co\/?p=13698\" target=\"_self\" >Duplicado: la confusi\u00f3n como destino<\/a><\/h3>\n\n<div class=\"has-text-align-center wp-block-post-excerpt\"><p class=\"wp-block-post-excerpt__excerpt\">Por: Luis Fernando Duque Restrepo* En Duplicado, del Teatro Petra, todo ocurre dos veces, pero nunca igual. Una joyer\u00eda asaltada, unos gemelos confundidos, un naufragio <\/p><\/div><\/div>\n<\/div>\n\n\n\n<hr class=\"wp-block-separator has-alpha-channel-opacity\"\/>\n\n<\/li><\/ul><\/div>\n\n\n\n<p><strong>Entradas<\/strong><\/p>\n\n\n<ul class=\"wp-block-latest-posts__list is-grid columns-3 wp-block-latest-posts\"><li><a class=\"wp-block-latest-posts__post-title\" href=\"https:\/\/azulnaranja.ucatolicaluisamigo.edu.co\/?p=13754\">Punk, libertad y hermandad en el Grita Fest 2025<\/a><\/li>\n<li><a class=\"wp-block-latest-posts__post-title\" href=\"https:\/\/azulnaranja.ucatolicaluisamigo.edu.co\/?p=13729\">As\u00ed arranc\u00f3 el rugido del Grita 2025<\/a><\/li>\n<li><a class=\"wp-block-latest-posts__post-title\" href=\"https:\/\/azulnaranja.ucatolicaluisamigo.edu.co\/?p=13698\">Duplicado: la confusi\u00f3n como destino<\/a><\/li>\n<li><a class=\"wp-block-latest-posts__post-title\" href=\"https:\/\/azulnaranja.ucatolicaluisamigo.edu.co\/?p=13685\">Algod\u00f3n de Az\u00facar o la infancia como herida<\/a><\/li>\n<li><a class=\"wp-block-latest-posts__post-title\" href=\"https:\/\/azulnaranja.ucatolicaluisamigo.edu.co\/?p=13431\">Voces que Resuenan: Postales del Festival Grita 2024<\/a><\/li>\n<li><a class=\"wp-block-latest-posts__post-title\" href=\"https:\/\/azulnaranja.ucatolicaluisamigo.edu.co\/?p=13385\">Sue\u00f1o en una noche de Primavera<\/a><\/li>\n<li><a class=\"wp-block-latest-posts__post-title\" href=\"https:\/\/azulnaranja.ucatolicaluisamigo.edu.co\/?p=13348\">FITM: Se abre el tel\u00f3n de las obras de calle<\/a><\/li>\n<li><a class=\"wp-block-latest-posts__post-title\" href=\"https:\/\/azulnaranja.ucatolicaluisamigo.edu.co\/?p=13319\">Negro: En la Mirada de Silencio y Futuro<\/a><\/li>\n<li><a class=\"wp-block-latest-posts__post-title\" href=\"https:\/\/azulnaranja.ucatolicaluisamigo.edu.co\/?p=13192\">Un viaje a trav\u00e9s de las estaciones<\/a><\/li>\n<li><a class=\"wp-block-latest-posts__post-title\" href=\"https:\/\/azulnaranja.ucatolicaluisamigo.edu.co\/?p=12971\">Vuelve a escena el rugido del Grita<\/a><\/li>\n<li><a class=\"wp-block-latest-posts__post-title\" href=\"https:\/\/azulnaranja.ucatolicaluisamigo.edu.co\/?p=12889\">\u00bfQui\u00e9n sostiene a Colombia?, relatos de supervivencia<\/a><\/li>\n<\/ul>\n\n\n<p><\/p>\n","protected":false},"excerpt":{"rendered":"<p>Entradas<\/p>\n","protected":false},"author":2,"featured_media":0,"parent":0,"menu_order":0,"comment_status":"closed","ping_status":"closed","template":"","meta":{"footnotes":""},"class_list":["post-12807","page","type-page","status-publish","hentry"],"_links":{"self":[{"href":"https:\/\/azulnaranja.ucatolicaluisamigo.edu.co\/index.php?rest_route=\/wp\/v2\/pages\/12807","targetHints":{"allow":["GET"]}}],"collection":[{"href":"https:\/\/azulnaranja.ucatolicaluisamigo.edu.co\/index.php?rest_route=\/wp\/v2\/pages"}],"about":[{"href":"https:\/\/azulnaranja.ucatolicaluisamigo.edu.co\/index.php?rest_route=\/wp\/v2\/types\/page"}],"author":[{"embeddable":true,"href":"https:\/\/azulnaranja.ucatolicaluisamigo.edu.co\/index.php?rest_route=\/wp\/v2\/users\/2"}],"replies":[{"embeddable":true,"href":"https:\/\/azulnaranja.ucatolicaluisamigo.edu.co\/index.php?rest_route=%2Fwp%2Fv2%2Fcomments&post=12807"}],"version-history":[{"count":13,"href":"https:\/\/azulnaranja.ucatolicaluisamigo.edu.co\/index.php?rest_route=\/wp\/v2\/pages\/12807\/revisions"}],"predecessor-version":[{"id":13464,"href":"https:\/\/azulnaranja.ucatolicaluisamigo.edu.co\/index.php?rest_route=\/wp\/v2\/pages\/12807\/revisions\/13464"}],"wp:attachment":[{"href":"https:\/\/azulnaranja.ucatolicaluisamigo.edu.co\/index.php?rest_route=%2Fwp%2Fv2%2Fmedia&parent=12807"}],"curies":[{"name":"wp","href":"https:\/\/api.w.org\/{rel}","templated":true}]}}