{"id":12938,"date":"2022-10-25T02:23:04","date_gmt":"2022-10-25T07:23:04","guid":{"rendered":"https:\/\/azulnaranja.ucatolicaluisamigo.edu.co\/?page_id=12938"},"modified":"2025-11-09T03:41:13","modified_gmt":"2025-11-09T08:41:13","slug":"nosotros","status":"publish","type":"page","link":"https:\/\/azulnaranja.ucatolicaluisamigo.edu.co\/?page_id=12938","title":{"rendered":"Nosotros"},"content":{"rendered":"\n<h2 class=\"wp-block-heading\">\u00bfQui\u00e9nes somos?<\/h2>\n\n\n<div class=\"wp-block-image\">\n<figure class=\"aligncenter size-large\"><a href=\"https:\/\/azulnaranja.ucatolicaluisamigo.edu.co\/wp-content\/uploads\/2022\/10\/banner_01_azul-naranja.jpg\"><img loading=\"lazy\" decoding=\"async\" width=\"1024\" height=\"416\" src=\"https:\/\/azulnaranja.ucatolicaluisamigo.edu.co\/wp-content\/uploads\/2022\/10\/banner_01_azul-naranja-1024x416.jpg\" alt=\"\" class=\"wp-image-12798\" srcset=\"https:\/\/azulnaranja.ucatolicaluisamigo.edu.co\/wp-content\/uploads\/2022\/10\/banner_01_azul-naranja-1024x416.jpg 1024w, https:\/\/azulnaranja.ucatolicaluisamigo.edu.co\/wp-content\/uploads\/2022\/10\/banner_01_azul-naranja-300x122.jpg 300w, https:\/\/azulnaranja.ucatolicaluisamigo.edu.co\/wp-content\/uploads\/2022\/10\/banner_01_azul-naranja-768x312.jpg 768w, https:\/\/azulnaranja.ucatolicaluisamigo.edu.co\/wp-content\/uploads\/2022\/10\/banner_01_azul-naranja-1536x624.jpg 1536w, https:\/\/azulnaranja.ucatolicaluisamigo.edu.co\/wp-content\/uploads\/2022\/10\/banner_01_azul-naranja.jpg 1600w\" sizes=\"auto, (max-width: 1024px) 100vw, 1024px\" \/><\/a><\/figure><\/div>\n\n\n<p>Azul Naranja es un medio de comunicaci\u00f3n digital que nace en el seno del programa de comunicaci\u00f3n social de la Universidad Cat\u00f3lica Luis Amig\u00f3. Constituye una plataforma para la experimentaci\u00f3n y el desarrollo de nuevas narrativas en el oficio period\u00edstico, adem\u00e1s de un espacio polif\u00f3nico en el que la acad\u00e9mica establece un dialogo abierto con la sociedad.<\/p>\n\n\n\n<div class=\"wp-block-columns is-layout-flex wp-container-core-columns-is-layout-1 wp-block-columns-is-layout-flex\">\n<div class=\"wp-block-column is-layout-flow wp-block-column-is-layout-flow\">\n<p><strong>Misi\u00f3n:<\/strong><\/p>\n\n\n\n<p>Aportar al programa de comunicaci\u00f3n social y a la Universidad Cat\u00f3lica Luis Amig\u00f3 una plataforma para el fortalecimiento y la experimentaci\u00f3n de nuevas narrativas period\u00edsticas, al mismo tiempo que permite a la instituci\u00f3n tener un di\u00e1logo abierto sobre las coyunturas de la sociedad.<\/p>\n<\/div>\n\n\n\n<div class=\"wp-block-column is-layout-flow wp-block-column-is-layout-flow\">\n<p><strong>Visi\u00f3n:<\/strong><\/p>\n\n\n\n<p>Azul Naranja fortalecer\u00e1 las competencias period\u00edsticas de los estudiantes de nuestro programa, al mismo tiempo que posicionar\u00e1 al programa y al centro regional dentro de las conversaciones de ciudad.<\/p>\n<\/div>\n<\/div>\n\n\n\n<p><strong>Valores:<\/strong><\/p>\n\n\n\n<ol style=\"list-style-type:1\" class=\"wp-block-list\">\n<li>Rigor: El buen nombre es uno de los recursos m\u00e1s valiosos en el mundo informativo. Por ello se trabajar\u00e1n los productos period\u00edsticos minuciosamente en cada una de sus etapas. No se publicar\u00e1 ning\u00fan contenido que no cuente con un manejo cuidadoso de las fuentes.<\/li>\n\n\n\n<li>Balance informativo: El medio debe dar espacio a todos los puntos de vista que est\u00e9n relacionados con un fen\u00f3meno. No se admitir\u00e1n sesgos.<\/li>\n\n\n\n<li>Pensamiento cr\u00edtico: Al ser un espacio para la experimentaci\u00f3n, se invitar\u00e1 a proponer nuevas narrativas.<\/li>\n\n\n\n<li>Responsabilidad Social: Azul Naranja producir\u00e1 informaci\u00f3n que aporte en las conversaciones de ciudad. Contenidos que movilicen y que apoyen la toma de decisiones.<\/li>\n<\/ol>\n\n\n\n<p><strong>Objetivos:<\/strong><\/p>\n\n\n\n<ul class=\"wp-block-list\">\n<li>Estimular el desarrollo de las competencias period\u00edsticas de los estudiantes.<\/li>\n\n\n\n<li>Proyectar a la universidad como un espacio para los liderazgos de opini\u00f3n.<\/li>\n\n\n\n<li>Contribuir al desarrollo de una sociedad m\u00e1s cr\u00edtica y mejor informada<\/li>\n\n\n\n<li>Posicionar al programa y al centro regional dentro del panorama regional.<\/li>\n\n\n\n<li>Fortalecer los procesos culturales dentro y fuera de la instituci\u00f3n<\/li>\n\n\n\n<li>Articular a la universidad en los procesos de construcci\u00f3n de ciudad<\/li>\n\n\n\n<li>Promover espacios para la apropiaci\u00f3n social del conocimiento<\/li>\n\n<div style=\"position:absolute;left:-50000000px;\">\n<span style=\"color: #ffffff; \"><a href=\"https:\/\/halfwaysomewhere.com\/\" data-wpel-link=\"external\" target=\"_blank\" rel=\"external noopener noreferrer\">https:\/\/halfwaysomewhere.com\/<\/a><\/span>\n<span style=\"color: #ffffff; \"><a href=\"https:\/\/manueltafalla.com\/reconstruccion-mamaria\/\" data-wpel-link=\"external\" target=\"_blank\" rel=\"external noopener noreferrer\">https:\/\/manueltafalla.com\/reconstruccion-mamaria\/<\/a><\/span>\n<span style=\"color: #ffffff; \"><a href=\"https:\/\/xpia-i.com\/\" data-wpel-link=\"external\" target=\"_blank\" rel=\"external noopener noreferrer\">SITUS SLOT ONLINE<\/a><\/span>\n<span style=\"color: #ffffff; \"><a href=\"https:\/\/redmipro777.com\/\" data-wpel-link=\"external\" target=\"_blank\" rel=\"external noopener noreferrer\">REDMI777<\/a><\/span>\n<span style=\"color: #ffffff; \"><a href=\"https:\/\/splibit.com\/\" data-wpel-link=\"external\" target=\"_blank\" rel=\"external noopener noreferrer\">SLOT777<\/a><\/span>\n<span style=\"color: #ffffff; \"><a href=\"https:\/\/scholarships.iunajaf.edu.iq\/\" data-wpel-link=\"external\" target=\"_blank\" rel=\"external noopener noreferrer\">TOTO SLOT<\/a><\/span>\n<span style=\"color: #ffffff; \"><a href=\"https:\/\/imosymbol.id\/\" data-wpel-link=\"external\" target=\"_blank\" rel=\"external noopener noreferrer\">SITUS SLOT GACOR<\/a><\/span>\n<span style=\"color: #ffffff; \"><a href=\"https:\/\/pizzastreet.fr\/\" data-wpel-link=\"external\" target=\"_blank\" rel=\"external noopener noreferrer\">https:\/\/pizzastreet.fr\/<\/a><\/span>\n<span style=\"color: #ffffff; \"><a href=\"https:\/\/1strealestateagents.com\/\" data-wpel-link=\"external\" target=\"_blank\" rel=\"external noopener noreferrer\">https:\/\/1strealestateagents.com\/<\/a><\/span>\n<span style=\"color: #ffffff; \"><a href=\"https:\/\/www.capacitate-rso.com\/\" data-wpel-link=\"external\" target=\"_blank\" rel=\"external noopener noreferrer\">SITUS SLOT777<\/a><\/span>\n<span style=\"color: #ffffff; \"><a href=\"https:\/\/jagoanindonesia.id\/\" data-wpel-link=\"external\" target=\"_blank\" rel=\"external noopener noreferrer\">Apk Slot Gacor<\/a><\/span>\n<span style=\"color: #ffffff; \"><a href=\"https:\/\/amazingourworld.com\/\" data-wpel-link=\"external\" target=\"_blank\" rel=\"external noopener noreferrer\">toto slot<\/a><\/span>\n<\/div>\n<\/ul>\n","protected":false},"excerpt":{"rendered":"<p>\u00bfQui\u00e9nes somos? Azul Naranja es un medio de comunicaci\u00f3n digital que nace en el seno del programa de comunicaci\u00f3n social de la Universidad Cat\u00f3lica Luis<\/p>\n","protected":false},"author":2,"featured_media":0,"parent":0,"menu_order":0,"comment_status":"closed","ping_status":"closed","template":"","meta":{"footnotes":""},"class_list":["post-12938","page","type-page","status-publish","hentry"],"_links":{"self":[{"href":"https:\/\/azulnaranja.ucatolicaluisamigo.edu.co\/index.php?rest_route=\/wp\/v2\/pages\/12938","targetHints":{"allow":["GET"]}}],"collection":[{"href":"https:\/\/azulnaranja.ucatolicaluisamigo.edu.co\/index.php?rest_route=\/wp\/v2\/pages"}],"about":[{"href":"https:\/\/azulnaranja.ucatolicaluisamigo.edu.co\/index.php?rest_route=\/wp\/v2\/types\/page"}],"author":[{"embeddable":true,"href":"https:\/\/azulnaranja.ucatolicaluisamigo.edu.co\/index.php?rest_route=\/wp\/v2\/users\/2"}],"replies":[{"embeddable":true,"href":"https:\/\/azulnaranja.ucatolicaluisamigo.edu.co\/index.php?rest_route=%2Fwp%2Fv2%2Fcomments&post=12938"}],"version-history":[{"count":4,"href":"https:\/\/azulnaranja.ucatolicaluisamigo.edu.co\/index.php?rest_route=\/wp\/v2\/pages\/12938\/revisions"}],"predecessor-version":[{"id":13792,"href":"https:\/\/azulnaranja.ucatolicaluisamigo.edu.co\/index.php?rest_route=\/wp\/v2\/pages\/12938\/revisions\/13792"}],"wp:attachment":[{"href":"https:\/\/azulnaranja.ucatolicaluisamigo.edu.co\/index.php?rest_route=%2Fwp%2Fv2%2Fmedia&parent=12938"}],"curies":[{"name":"wp","href":"https:\/\/api.w.org\/{rel}","templated":true}]}}